
{"id":10,"date":"2017-09-27T08:27:59","date_gmt":"2017-09-27T08:27:59","guid":{"rendered":"http:\/\/www.srcmedya.com.tr\/nur\/\/?page_id=10"},"modified":"2020-11-05T10:04:45","modified_gmt":"2020-11-05T07:04:45","slug":"urunler","status":"publish","type":"page","link":"https:\/\/nurkuyumcu.com\/index.php\/urunler\/","title":{"rendered":"\u00dcr\u00fcnler"},"content":{"rendered":"<p>[vc_row][vc_column width=&#8221;1\/3&#8243;]\r\n<!-- BEGIN .imagebox -->\r\n<div class=\"imagebox   vc_custom_1513240158068\">\r\n\t\r\n\t\t<div class=\"box-header\">\r\n\t\t\t<h3 class=\"box-title\">\r\n\t\t\t\t<a href=\"http:\/\/www.srcmedya.com.tr\/nur\/\/our-services\/customer-engagement-transformation-services\/\" target=\"_self\">\r\n\t\t\t\t\t Customer Engagement Transformation Services.\t\t\t\t<\/a>\r\n\t\t\t<\/h3>\r\n\r\n\t\t\t\t\t<\/div>\r\n\r\n\t\t<div class=\"box-content\"><p>From increasing customer acquisition rates to increasing sales, we focus on the total\u2026<\/p>\n<\/div>\r\n\r\n\t\t<div class=\"box-image\">\r\n\t\t\t<a href=\"http:\/\/www.srcmedya.com.tr\/nur\/\/our-services\/customer-engagement-transformation-services\/\" target=\"_self\">\r\n\t\t\t\t\t\t\t\t\t<div class=\"box-button button\">\t\r\n\t\t\t\t\t\t<span>Find Out More<\/span><i class=\"ion-log-in\"><\/i>\r\n\t\t\t\t\t<\/div>\r\n\t\t\t\t\r\n\t\t\t\t<img class=\"\" src=\"https:\/\/nurkuyumcu.com\/wp-content\/uploads\/2017\/09\/promotion-performance-review-ringsidetalent-800x350.jpg\" width=\"800\" height=\"350\" alt=\"promotion-performance-review-ringsidetalent\" title=\"promotion-performance-review-ringsidetalent\" \/>\t\t\t<\/a>\r\n\t\t<\/div>\r\n\t<\/div>\r\n<!-- End .imagebox -->\r\n[vc_empty_space height=&#8221;30px&#8221;][\/vc_column][vc_column width=&#8221;1\/3&#8243;]\r\n<!-- BEGIN .imagebox -->\r\n<div class=\"imagebox   vc_custom_1513240171145\">\r\n\t\r\n\t\t<div class=\"box-header\">\r\n\t\t\t<h3 class=\"box-title\">\r\n\t\t\t\t<a href=\"http:\/\/www.srcmedya.com.tr\/nur\/\/our-services\/digital-transformation-services\/\" target=\"_self\">\r\n\t\t\t\t\tDigital Transformation Services.\t\t\t\t<\/a>\r\n\t\t\t<\/h3>\r\n\r\n\t\t\t\t\t<\/div>\r\n\r\n\t\t<div class=\"box-content\"><p>Whether you have an existing digital process or want to build one, We can design\u2026<\/p>\n<\/div>\r\n\r\n\t\t<div class=\"box-image\">\r\n\t\t\t<a href=\"http:\/\/www.srcmedya.com.tr\/nur\/\/our-services\/digital-transformation-services\/\" target=\"_self\">\r\n\t\t\t\t\t\t\t\t\t<div class=\"box-button button\">\t\r\n\t\t\t\t\t\t<span>Find Out More<\/span><i class=\"ion-log-in\"><\/i>\r\n\t\t\t\t\t<\/div>\r\n\t\t\t\t\r\n\t\t\t\t<img class=\"\" src=\"https:\/\/nurkuyumcu.com\/wp-content\/uploads\/2017\/09\/businesswoman-corporate-colleagues-talking-P3PSNFM-800x350.jpg\" width=\"800\" height=\"350\" alt=\"businesswoman-corporate-colleagues-talking-P3PSNFM\" title=\"businesswoman-corporate-colleagues-talking-P3PSNFM\" \/>\t\t\t<\/a>\r\n\t\t<\/div>\r\n\t<\/div>\r\n<!-- End .imagebox -->\r\n[vc_empty_space height=&#8221;30px&#8221;][\/vc_column][vc_column width=&#8221;1\/3&#8243;]\r\n<!-- BEGIN .imagebox -->\r\n<div class=\"imagebox   vc_custom_1513240185971\">\r\n\t\r\n\t\t<div class=\"box-header\">\r\n\t\t\t<h3 class=\"box-title\">\r\n\t\t\t\t<a href=\"http:\/\/www.srcmedya.com.tr\/nur\/\/our-services\/business-process-transformation-services\/\" target=\"_self\">\r\n\t\t\t\t\tBusiness Process Transformation Services.\t\t\t\t<\/a>\r\n\t\t\t<\/h3>\r\n\r\n\t\t\t\t\t<\/div>\r\n\r\n\t\t<div class=\"box-content\"><p>We can make your company\u2019s business processes work better and help you save costs.<\/p>\n<\/div>\r\n\r\n\t\t<div class=\"box-image\">\r\n\t\t\t<a href=\"http:\/\/www.srcmedya.com.tr\/nur\/\/our-services\/business-process-transformation-services\/\" target=\"_self\">\r\n\t\t\t\t\t\t\t\t\t<div class=\"box-button button\">\t\r\n\t\t\t\t\t\t<span>Find Out More<\/span><i class=\"ion-log-in\"><\/i>\r\n\t\t\t\t\t<\/div>\r\n\t\t\t\t\r\n\t\t\t\t<img class=\"\" src=\"https:\/\/nurkuyumcu.com\/wp-content\/uploads\/2017\/09\/hipster-manager-with-smart-phone-london-city-hall-PBBAF8T-800x350.jpg\" width=\"800\" height=\"350\" alt=\"hipster-manager-with-smart-phone-london-city-hall-PBBAF8T\" title=\"hipster-manager-with-smart-phone-london-city-hall-PBBAF8T\" \/>\t\t\t<\/a>\r\n\t\t<\/div>\r\n\t<\/div>\r\n<!-- End .imagebox -->\r\n[vc_empty_space height=&#8221;30px&#8221;][\/vc_column][\/vc_row][vc_row content_placement=&#8221;middle&#8221; css=&#8221;.vc_custom_1513242459608{padding-top: 20px !important;padding-bottom: 40px !important;}&#8221;][vc_column width=&#8221;1\/2&#8243;][vc_column_text]<\/p>\n<h3 class=\"no-margin-top\">Where people and process come together.<\/h3>\n<p>As a process transformation company, GLB rethinks and rebuilds processes for the digital age by combining design-thinking insights and data-driven analytics. We complete 50 million transactions a month on a digital backbone that spans 10 countries around the world for more than 150 clients.[\/vc_column_text][\/vc_column][vc_column width=&#8221;1\/6&#8243;]<div class=\"counter  \"> <div class=\"counter-detail\">\r\n\t\t<h3 class=\"counter-content\">\r\n\t\t\t<span class=\"counter-prefix\"><\/span><span class=\"counter-value\" data-from=\"0\" data-to=\"50\" data-speed=\"1000\">0<\/span><span class=\"counter-suffix\">6<\/span>\r\n\t\t<\/h3>\r\n\t<div class=\"counter-title\">Transactions<\/div><\/div><\/div>[\/vc_column][vc_column width=&#8221;1\/6&#8243;]<div class=\"counter  \"> <div class=\"counter-detail\">\r\n\t\t<h3 class=\"counter-content\">\r\n\t\t\t<span class=\"counter-prefix\"><\/span><span class=\"counter-value\" data-from=\"0\" data-to=\"10\" data-speed=\"1000\">0<\/span><span class=\"counter-suffix\">+<\/span>\r\n\t\t<\/h3>\r\n\t<div class=\"counter-title\">Countries<\/div><\/div><\/div>[\/vc_column][vc_column width=&#8221;1\/6&#8243;]<div class=\"counter  \"> <div class=\"counter-detail\">\r\n\t\t<h3 class=\"counter-content\">\r\n\t\t\t<span class=\"counter-prefix\"><\/span><span class=\"counter-value\" data-from=\"0\" data-to=\"150\" data-speed=\"1000\">0<\/span><span class=\"counter-suffix\">+<\/span>\r\n\t\t<\/h3>\r\n\t<div class=\"counter-title\">Happy Clients<\/div><\/div><\/div>[\/vc_column][\/vc_row][vc_row full_width=&#8221;stretch_row&#8221; css=&#8221;.vc_custom_1513242428004{padding-top: 80px !important;padding-bottom: 80px !important;background: #020620 url(http:\/\/www.srcmedya.com.tr\/nur\/wp-content\/uploads\/\/2017\/12\/bg-main.svg?id=1098) !important;background-position: center !important;background-repeat: no-repeat !important;background-size: cover !important;}&#8221;][vc_column][vc_custom_heading text=&#8221;THE GLB PROCESS&#8221; font_container=&#8221;tag:h2|text_align:center|color:%23ffffff&#8221; use_theme_fonts=&#8221;yes&#8221;][vc_empty_space height=&#8221;50px&#8221;][vc_row_inner][vc_column_inner]<ul class=\"iconlist iconlist iconlist-icon-medium \"><li ><div class=\"iconlist-item-icon\"><i class=\"entypo-icon entypo-icon-quote\"><\/i><span class=\"shapes\"><\/span><\/div><div class=\"iconlist-item-content\"><\/p>\n<h3><span style=\"color: #f46137\">1. Iterate Design<\/span><\/h3>\n<p><span style=\"color: #8d8ea3\">We always start with people. Business is driven by human behavior. And we take a human-centered design approach to drive business results. Through observation, learning, and immersive research we are able to roadmap solutions that work for our clients and their customers.<\/span><\/div><\/li><li ><div class=\"iconlist-item-icon\"><i class=\"entypo-icon entypo-icon-code\"><\/i><span class=\"shapes\"><\/span><\/div><div class=\"iconlist-item-content\"><\/p>\n<h3><span style=\"color: #01daf9\">2. Validate Develop<\/span><\/h3>\n<p><span style=\"color: #8d8ea3\">This is where we bring the design vision to life\u2014uncovering and alleviating stumbling blocks that could interfere with successful implementation. Our 360-degree focus on customers and tech-agnostic approach allow us to develop flexible solutions that scale with business needs.<\/span><\/div><\/li><li ><div class=\"iconlist-item-icon\"><i class=\"entypo-icon entypo-icon-upload-cloud\"><\/i><span class=\"shapes\"><\/span><\/div><div class=\"iconlist-item-content\"><\/p>\n<h3><span style=\"color: #00a914\">3. Optimize Deliver<\/span><\/h3>\n<p><span style=\"color: #8d8ea3\">Our global operation model and thousands of employees in 10 countries allow us to implement best practices and meet clients\u2019 needs practically everywhere. From implementation to analysis, we go beyond solution launch to seek out continuous improvement for our clients\u2014and ourselves.<\/span><\/div><\/li><\/ul>[\/vc_column_inner][\/vc_row_inner][\/vc_column][\/vc_row][vc_row css=&#8221;.vc_custom_1513243049899{margin-bottom: -30px !important;padding-top: 60px !important;}&#8221;][vc_column][vc_row_inner content_placement=&#8221;middle&#8221;][vc_column_inner width=&#8221;1\/2&#8243;][vc_custom_heading text=&#8221;LATEST UPDATES&#8221; use_theme_fonts=&#8221;yes&#8221;][vc_empty_space height=&#8221;20px&#8221;][\/vc_column_inner][vc_column_inner width=&#8221;1\/2&#8243;][vc_column_text]<\/p>\n<p class=\"text-right\"><a class=\"button\" href=\"http:\/\/www.srcmedya.com.tr\/nur\/\/news-blog\/\">Read All Articles<\/a><\/p>\n<p>[\/vc_column_text][vc_empty_space height=&#8221;20px&#8221;][\/vc_column_inner][\/vc_row_inner][vc_separator color=&#8221;custom&#8221; accent_color=&#8221;rgba(2,6,32,0.1)&#8221;][vc_empty_space height=&#8221;50px&#8221;][\/vc_column][\/vc_row]<\/p>\n","protected":false},"excerpt":{"rendered":"<p>[vc_row][vc_column width=&#8221;1\/3&#8243;][vc_empty_space height=&#8221;30px&#8221;][\/vc_column][vc_column width=&#8221;1\/3&#8243;][vc_empty_space height=&#8221;30px&#8221;][\/vc_column][vc_column width=&#8221;1\/3&#8243;][vc_empty_space height=&#8221;30px&#8221;][\/vc_column][\/vc_row][vc_row content_placement=&#8221;middle&#8221; css=&#8221;.vc_custom_1513242459608{padding-top: 20px !important;padding-bottom: 40px !important;}&#8221;][vc_column width=&#8221;1\/2&#8243;][vc_column_text] Where people and process come together. As a process transformation company, GLB rethinks and rebuilds processes for the digital age by combining design-thinking insights and data-driven analytics. We complete 50 million transactions a month on a digital backbone that spans 10 [&hellip;]<\/p>\n","protected":false},"author":1,"featured_media":0,"parent":0,"menu_order":0,"comment_status":"closed","ping_status":"closed","template":"","meta":[],"yoast_head":"<!-- This site is optimized with the Yoast SEO plugin v17.5 - https:\/\/yoast.com\/wordpress\/plugins\/seo\/ -->\r\n<title>\u00dcr\u00fcnler - Nur Kuyumculuk Eski\u015fehir<\/title>\r\n<meta name=\"robots\" content=\"index, follow, max-snippet:-1, max-image-preview:large, max-video-preview:-1\" \/>\r\n<link rel=\"canonical\" href=\"https:\/\/nurkuyumcu.com\/index.php\/urunler\/\" \/>\r\n<meta property=\"og:locale\" content=\"tr_TR\" \/>\r\n<meta property=\"og:type\" content=\"article\" \/>\r\n<meta property=\"og:title\" content=\"\u00dcr\u00fcnler - Nur Kuyumculuk Eski\u015fehir\" \/>\r\n<meta property=\"og:description\" content=\"[vc_row][vc_column width=&#8221;1\/3&#8243;][vc_empty_space height=&#8221;30px&#8221;][\/vc_column][vc_column width=&#8221;1\/3&#8243;][vc_empty_space height=&#8221;30px&#8221;][\/vc_column][vc_column width=&#8221;1\/3&#8243;][vc_empty_space height=&#8221;30px&#8221;][\/vc_column][\/vc_row][vc_row content_placement=&#8221;middle&#8221; css=&#8221;.vc_custom_1513242459608{padding-top: 20px !important;padding-bottom: 40px !important;}&#8221;][vc_column width=&#8221;1\/2&#8243;][vc_column_text] Where people and process come together. As a process transformation company, GLB rethinks and rebuilds processes for the digital age by combining design-thinking insights and data-driven analytics. We complete 50 million transactions a month on a digital backbone that spans 10 [&hellip;]\" \/>\r\n<meta property=\"og:url\" content=\"https:\/\/nurkuyumcu.com\/index.php\/urunler\/\" \/>\r\n<meta property=\"og:site_name\" content=\"Nur Kuyumculuk Eski\u015fehir\" \/>\r\n<meta property=\"article:modified_time\" content=\"2020-11-05T07:04:45+00:00\" \/>\r\n<meta name=\"twitter:card\" content=\"summary_large_image\" \/>\r\n<meta name=\"twitter:label1\" content=\"Tahmini okuma s\u00fcresi\" \/>\n\t<meta name=\"twitter:data1\" content=\"3 dakika\" \/>\r\n<script type=\"application\/ld+json\" class=\"yoast-schema-graph\">{\"@context\":\"https:\/\/schema.org\",\"@graph\":[{\"@type\":\"WebSite\",\"@id\":\"https:\/\/nurkuyumcu.com\/#website\",\"url\":\"https:\/\/nurkuyumcu.com\/\",\"name\":\"Nur Kuyumculuk Eski\\u015fehir\",\"description\":\"\",\"potentialAction\":[{\"@type\":\"SearchAction\",\"target\":{\"@type\":\"EntryPoint\",\"urlTemplate\":\"https:\/\/nurkuyumcu.com\/?s={search_term_string}\"},\"query-input\":\"required name=search_term_string\"}],\"inLanguage\":\"tr\"},{\"@type\":\"WebPage\",\"@id\":\"https:\/\/nurkuyumcu.com\/index.php\/urunler\/#webpage\",\"url\":\"https:\/\/nurkuyumcu.com\/index.php\/urunler\/\",\"name\":\"\\u00dcr\\u00fcnler - Nur Kuyumculuk Eski\\u015fehir\",\"isPartOf\":{\"@id\":\"https:\/\/nurkuyumcu.com\/#website\"},\"datePublished\":\"2017-09-27T08:27:59+00:00\",\"dateModified\":\"2020-11-05T07:04:45+00:00\",\"breadcrumb\":{\"@id\":\"https:\/\/nurkuyumcu.com\/index.php\/urunler\/#breadcrumb\"},\"inLanguage\":\"tr\",\"potentialAction\":[{\"@type\":\"ReadAction\",\"target\":[\"https:\/\/nurkuyumcu.com\/index.php\/urunler\/\"]}]},{\"@type\":\"BreadcrumbList\",\"@id\":\"https:\/\/nurkuyumcu.com\/index.php\/urunler\/#breadcrumb\",\"itemListElement\":[{\"@type\":\"ListItem\",\"position\":1,\"name\":\"Ana sayfa\",\"item\":\"https:\/\/nurkuyumcu.com\/\"},{\"@type\":\"ListItem\",\"position\":2,\"name\":\"\\u00dcr\\u00fcnler\"}]}]}<\/script>\r\n<!-- \/ Yoast SEO plugin. -->","yoast_head_json":{"title":"\u00dcr\u00fcnler - Nur Kuyumculuk Eski\u015fehir","robots":{"index":"index","follow":"follow","max-snippet":"max-snippet:-1","max-image-preview":"max-image-preview:large","max-video-preview":"max-video-preview:-1"},"canonical":"https:\/\/nurkuyumcu.com\/index.php\/urunler\/","og_locale":"tr_TR","og_type":"article","og_title":"\u00dcr\u00fcnler - Nur Kuyumculuk Eski\u015fehir","og_description":"[vc_row][vc_column width=&#8221;1\/3&#8243;][vc_empty_space height=&#8221;30px&#8221;][\/vc_column][vc_column width=&#8221;1\/3&#8243;][vc_empty_space height=&#8221;30px&#8221;][\/vc_column][vc_column width=&#8221;1\/3&#8243;][vc_empty_space height=&#8221;30px&#8221;][\/vc_column][\/vc_row][vc_row content_placement=&#8221;middle&#8221; css=&#8221;.vc_custom_1513242459608{padding-top: 20px !important;padding-bottom: 40px !important;}&#8221;][vc_column width=&#8221;1\/2&#8243;][vc_column_text] Where people and process come together. As a process transformation company, GLB rethinks and rebuilds processes for the digital age by combining design-thinking insights and data-driven analytics. We complete 50 million transactions a month on a digital backbone that spans 10 [&hellip;]","og_url":"https:\/\/nurkuyumcu.com\/index.php\/urunler\/","og_site_name":"Nur Kuyumculuk Eski\u015fehir","article_modified_time":"2020-11-05T07:04:45+00:00","twitter_card":"summary_large_image","twitter_misc":{"Tahmini okuma s\u00fcresi":"3 dakika"},"schema":{"@context":"https:\/\/schema.org","@graph":[{"@type":"WebSite","@id":"https:\/\/nurkuyumcu.com\/#website","url":"https:\/\/nurkuyumcu.com\/","name":"Nur Kuyumculuk Eski\u015fehir","description":"","potentialAction":[{"@type":"SearchAction","target":{"@type":"EntryPoint","urlTemplate":"https:\/\/nurkuyumcu.com\/?s={search_term_string}"},"query-input":"required name=search_term_string"}],"inLanguage":"tr"},{"@type":"WebPage","@id":"https:\/\/nurkuyumcu.com\/index.php\/urunler\/#webpage","url":"https:\/\/nurkuyumcu.com\/index.php\/urunler\/","name":"\u00dcr\u00fcnler - Nur Kuyumculuk Eski\u015fehir","isPartOf":{"@id":"https:\/\/nurkuyumcu.com\/#website"},"datePublished":"2017-09-27T08:27:59+00:00","dateModified":"2020-11-05T07:04:45+00:00","breadcrumb":{"@id":"https:\/\/nurkuyumcu.com\/index.php\/urunler\/#breadcrumb"},"inLanguage":"tr","potentialAction":[{"@type":"ReadAction","target":["https:\/\/nurkuyumcu.com\/index.php\/urunler\/"]}]},{"@type":"BreadcrumbList","@id":"https:\/\/nurkuyumcu.com\/index.php\/urunler\/#breadcrumb","itemListElement":[{"@type":"ListItem","position":1,"name":"Ana sayfa","item":"https:\/\/nurkuyumcu.com\/"},{"@type":"ListItem","position":2,"name":"\u00dcr\u00fcnler"}]}]}},"_links":{"self":[{"href":"https:\/\/nurkuyumcu.com\/index.php\/wp-json\/wp\/v2\/pages\/10"}],"collection":[{"href":"https:\/\/nurkuyumcu.com\/index.php\/wp-json\/wp\/v2\/pages"}],"about":[{"href":"https:\/\/nurkuyumcu.com\/index.php\/wp-json\/wp\/v2\/types\/page"}],"author":[{"embeddable":true,"href":"https:\/\/nurkuyumcu.com\/index.php\/wp-json\/wp\/v2\/users\/1"}],"replies":[{"embeddable":true,"href":"https:\/\/nurkuyumcu.com\/index.php\/wp-json\/wp\/v2\/comments?post=10"}],"version-history":[{"count":1,"href":"https:\/\/nurkuyumcu.com\/index.php\/wp-json\/wp\/v2\/pages\/10\/revisions"}],"predecessor-version":[{"id":1727,"href":"https:\/\/nurkuyumcu.com\/index.php\/wp-json\/wp\/v2\/pages\/10\/revisions\/1727"}],"wp:attachment":[{"href":"https:\/\/nurkuyumcu.com\/index.php\/wp-json\/wp\/v2\/media?parent=10"}],"curies":[{"name":"wp","href":"https:\/\/api.w.org\/{rel}","templated":true}]}}