
{"id":2253,"date":"2021-01-26T11:23:10","date_gmt":"2021-01-26T08:23:10","guid":{"rendered":"https:\/\/nurkuyumcu.com\/?page_id=2253"},"modified":"2021-01-26T11:26:19","modified_gmt":"2021-01-26T08:26:19","slug":"taki-setleri","status":"publish","type":"page","link":"https:\/\/nurkuyumcu.com\/index.php\/urunler\/taki-setleri\/","title":{"rendered":"Tak\u0131 Setleri"},"content":{"rendered":"<p>[vc_row][vc_column][vc_text_separator title=&#8221;Tak\u0131 Setleri&#8221;][vc_gallery type=&#8221;image_grid&#8221; images=&#8221;2254,2255,2256,2257,2258,2259,2260,2261,2262,2263,2264,2265,2266,2267,2268,2269,2270&#8243; img_size=&#8221;full&#8221;][\/vc_column][\/vc_row][vc_row][vc_column][\/vc_column][\/vc_row]<\/p>\n","protected":false},"excerpt":{"rendered":"<p>[vc_row][vc_column][vc_text_separator title=&#8221;Tak\u0131 Setleri&#8221;][vc_gallery type=&#8221;image_grid&#8221; images=&#8221;2254,2255,2256,2257,2258,2259,2260,2261,2262,2263,2264,2265,2266,2267,2268,2269,2270&#8243; img_size=&#8221;full&#8221;][\/vc_column][\/vc_row][vc_row][vc_column][\/vc_column][\/vc_row]<\/p>\n","protected":false},"author":1,"featured_media":0,"parent":10,"menu_order":0,"comment_status":"closed","ping_status":"closed","template":"","meta":[],"yoast_head":"<!-- This site is optimized with the Yoast SEO plugin v17.5 - https:\/\/yoast.com\/wordpress\/plugins\/seo\/ -->\r\n<title>Tak\u0131 Setleri - Nur Kuyumculuk Eski\u015fehir<\/title>\r\n<meta name=\"robots\" content=\"index, follow, max-snippet:-1, max-image-preview:large, max-video-preview:-1\" \/>\r\n<link rel=\"canonical\" href=\"https:\/\/nurkuyumcu.com\/index.php\/urunler\/taki-setleri\/\" \/>\r\n<meta property=\"og:locale\" content=\"tr_TR\" \/>\r\n<meta property=\"og:type\" content=\"article\" \/>\r\n<meta property=\"og:title\" content=\"Tak\u0131 Setleri - Nur Kuyumculuk Eski\u015fehir\" \/>\r\n<meta property=\"og:description\" content=\"[vc_row][vc_column][vc_text_separator title=&#8221;Tak\u0131 Setleri&#8221;][vc_gallery type=&#8221;image_grid&#8221; images=&#8221;2254,2255,2256,2257,2258,2259,2260,2261,2262,2263,2264,2265,2266,2267,2268,2269,2270&#8243; img_size=&#8221;full&#8221;][\/vc_column][\/vc_row][vc_row][vc_column][\/vc_column][\/vc_row]\" \/>\r\n<meta property=\"og:url\" content=\"https:\/\/nurkuyumcu.com\/index.php\/urunler\/taki-setleri\/\" \/>\r\n<meta property=\"og:site_name\" content=\"Nur Kuyumculuk Eski\u015fehir\" \/>\r\n<meta property=\"article:modified_time\" content=\"2021-01-26T08:26:19+00:00\" \/>\r\n<meta name=\"twitter:card\" content=\"summary_large_image\" \/>\r\n<meta name=\"twitter:label1\" content=\"Tahmini okuma s\u00fcresi\" \/>\n\t<meta name=\"twitter:data1\" content=\"1 dakika\" \/>\r\n<script type=\"application\/ld+json\" class=\"yoast-schema-graph\">{\"@context\":\"https:\/\/schema.org\",\"@graph\":[{\"@type\":\"WebSite\",\"@id\":\"https:\/\/nurkuyumcu.com\/#website\",\"url\":\"https:\/\/nurkuyumcu.com\/\",\"name\":\"Nur Kuyumculuk Eski\\u015fehir\",\"description\":\"\",\"potentialAction\":[{\"@type\":\"SearchAction\",\"target\":{\"@type\":\"EntryPoint\",\"urlTemplate\":\"https:\/\/nurkuyumcu.com\/?s={search_term_string}\"},\"query-input\":\"required name=search_term_string\"}],\"inLanguage\":\"tr\"},{\"@type\":\"WebPage\",\"@id\":\"https:\/\/nurkuyumcu.com\/index.php\/urunler\/taki-setleri\/#webpage\",\"url\":\"https:\/\/nurkuyumcu.com\/index.php\/urunler\/taki-setleri\/\",\"name\":\"Tak\\u0131 Setleri - Nur Kuyumculuk Eski\\u015fehir\",\"isPartOf\":{\"@id\":\"https:\/\/nurkuyumcu.com\/#website\"},\"datePublished\":\"2021-01-26T08:23:10+00:00\",\"dateModified\":\"2021-01-26T08:26:19+00:00\",\"breadcrumb\":{\"@id\":\"https:\/\/nurkuyumcu.com\/index.php\/urunler\/taki-setleri\/#breadcrumb\"},\"inLanguage\":\"tr\",\"potentialAction\":[{\"@type\":\"ReadAction\",\"target\":[\"https:\/\/nurkuyumcu.com\/index.php\/urunler\/taki-setleri\/\"]}]},{\"@type\":\"BreadcrumbList\",\"@id\":\"https:\/\/nurkuyumcu.com\/index.php\/urunler\/taki-setleri\/#breadcrumb\",\"itemListElement\":[{\"@type\":\"ListItem\",\"position\":1,\"name\":\"Ana sayfa\",\"item\":\"https:\/\/nurkuyumcu.com\/\"},{\"@type\":\"ListItem\",\"position\":2,\"name\":\"\\u00dcr\\u00fcnler\",\"item\":\"https:\/\/nurkuyumcu.com\/index.php\/urunler\/\"},{\"@type\":\"ListItem\",\"position\":3,\"name\":\"Tak\\u0131 Setleri\"}]}]}<\/script>\r\n<!-- \/ Yoast SEO plugin. -->","yoast_head_json":{"title":"Tak\u0131 Setleri - Nur Kuyumculuk Eski\u015fehir","robots":{"index":"index","follow":"follow","max-snippet":"max-snippet:-1","max-image-preview":"max-image-preview:large","max-video-preview":"max-video-preview:-1"},"canonical":"https:\/\/nurkuyumcu.com\/index.php\/urunler\/taki-setleri\/","og_locale":"tr_TR","og_type":"article","og_title":"Tak\u0131 Setleri - Nur Kuyumculuk Eski\u015fehir","og_description":"[vc_row][vc_column][vc_text_separator title=&#8221;Tak\u0131 Setleri&#8221;][vc_gallery type=&#8221;image_grid&#8221; images=&#8221;2254,2255,2256,2257,2258,2259,2260,2261,2262,2263,2264,2265,2266,2267,2268,2269,2270&#8243; img_size=&#8221;full&#8221;][\/vc_column][\/vc_row][vc_row][vc_column][\/vc_column][\/vc_row]","og_url":"https:\/\/nurkuyumcu.com\/index.php\/urunler\/taki-setleri\/","og_site_name":"Nur Kuyumculuk Eski\u015fehir","article_modified_time":"2021-01-26T08:26:19+00:00","twitter_card":"summary_large_image","twitter_misc":{"Tahmini okuma s\u00fcresi":"1 dakika"},"schema":{"@context":"https:\/\/schema.org","@graph":[{"@type":"WebSite","@id":"https:\/\/nurkuyumcu.com\/#website","url":"https:\/\/nurkuyumcu.com\/","name":"Nur Kuyumculuk Eski\u015fehir","description":"","potentialAction":[{"@type":"SearchAction","target":{"@type":"EntryPoint","urlTemplate":"https:\/\/nurkuyumcu.com\/?s={search_term_string}"},"query-input":"required name=search_term_string"}],"inLanguage":"tr"},{"@type":"WebPage","@id":"https:\/\/nurkuyumcu.com\/index.php\/urunler\/taki-setleri\/#webpage","url":"https:\/\/nurkuyumcu.com\/index.php\/urunler\/taki-setleri\/","name":"Tak\u0131 Setleri - Nur Kuyumculuk Eski\u015fehir","isPartOf":{"@id":"https:\/\/nurkuyumcu.com\/#website"},"datePublished":"2021-01-26T08:23:10+00:00","dateModified":"2021-01-26T08:26:19+00:00","breadcrumb":{"@id":"https:\/\/nurkuyumcu.com\/index.php\/urunler\/taki-setleri\/#breadcrumb"},"inLanguage":"tr","potentialAction":[{"@type":"ReadAction","target":["https:\/\/nurkuyumcu.com\/index.php\/urunler\/taki-setleri\/"]}]},{"@type":"BreadcrumbList","@id":"https:\/\/nurkuyumcu.com\/index.php\/urunler\/taki-setleri\/#breadcrumb","itemListElement":[{"@type":"ListItem","position":1,"name":"Ana sayfa","item":"https:\/\/nurkuyumcu.com\/"},{"@type":"ListItem","position":2,"name":"\u00dcr\u00fcnler","item":"https:\/\/nurkuyumcu.com\/index.php\/urunler\/"},{"@type":"ListItem","position":3,"name":"Tak\u0131 Setleri"}]}]}},"_links":{"self":[{"href":"https:\/\/nurkuyumcu.com\/index.php\/wp-json\/wp\/v2\/pages\/2253"}],"collection":[{"href":"https:\/\/nurkuyumcu.com\/index.php\/wp-json\/wp\/v2\/pages"}],"about":[{"href":"https:\/\/nurkuyumcu.com\/index.php\/wp-json\/wp\/v2\/types\/page"}],"author":[{"embeddable":true,"href":"https:\/\/nurkuyumcu.com\/index.php\/wp-json\/wp\/v2\/users\/1"}],"replies":[{"embeddable":true,"href":"https:\/\/nurkuyumcu.com\/index.php\/wp-json\/wp\/v2\/comments?post=2253"}],"version-history":[{"count":2,"href":"https:\/\/nurkuyumcu.com\/index.php\/wp-json\/wp\/v2\/pages\/2253\/revisions"}],"predecessor-version":[{"id":2272,"href":"https:\/\/nurkuyumcu.com\/index.php\/wp-json\/wp\/v2\/pages\/2253\/revisions\/2272"}],"up":[{"embeddable":true,"href":"https:\/\/nurkuyumcu.com\/index.php\/wp-json\/wp\/v2\/pages\/10"}],"wp:attachment":[{"href":"https:\/\/nurkuyumcu.com\/index.php\/wp-json\/wp\/v2\/media?parent=2253"}],"curies":[{"name":"wp","href":"https:\/\/api.w.org\/{rel}","templated":true}]}}