
{"id":245,"date":"2017-10-02T02:45:37","date_gmt":"2017-10-02T02:45:37","guid":{"rendered":"http:\/\/www.srcmedya.com.tr\/nur\/\/?page_id=245"},"modified":"2021-01-28T09:32:01","modified_gmt":"2021-01-28T06:32:01","slug":"yuzukler","status":"publish","type":"page","link":"https:\/\/nurkuyumcu.com\/index.php\/urunler\/yuzukler\/","title":{"rendered":"Y\u00fcz\u00fckler"},"content":{"rendered":"<p>[vc_row][vc_column][vc_text_separator title=&#8221;Alyans&#8221;][vc_gallery type=&#8221;image_grid&#8221; images=&#8221;1817,1818,1819,1820,1821,1823,1822,1816,2005,2006,2007,2008,2009,2010,2011,2012,2013,2014,2015,2016,2017,2018,2195,2196,2197,2198,2199,2200,2201,2202,2203,2204,2205,2206,2207,2208,2209,2210,2211,2212,2213,2366,2367,2368,2369,2370,2371,2372,2373,2374,2375,2376,2377,2378,2379,2380,2381,2382,2383,2384,2385,2386,2387,2388,2389,2390,2391,2392,2393,2394,2395&#8243; img_size=&#8221;medium&#8221;][\/vc_column][\/vc_row][vc_row][vc_column][\/vc_column][\/vc_row]<\/p>\n","protected":false},"excerpt":{"rendered":"<p>[vc_row][vc_column][vc_text_separator title=&#8221;Alyans&#8221;][vc_gallery type=&#8221;image_grid&#8221; images=&#8221;1817,1818,1819,1820,1821,1823,1822,1816,2005,2006,2007,2008,2009,2010,2011,2012,2013,2014,2015,2016,2017,2018,2195,2196,2197,2198,2199,2200,2201,2202,2203,2204,2205,2206,2207,2208,2209,2210,2211,2212,2213,2366,2367,2368,2369,2370,2371,2372,2373,2374,2375,2376,2377,2378,2379,2380,2381,2382,2383,2384,2385,2386,2387,2388,2389,2390,2391,2392,2393,2394,2395&#8243; img_size=&#8221;medium&#8221;][\/vc_column][\/vc_row][vc_row][vc_column][\/vc_column][\/vc_row]<\/p>\n","protected":false},"author":1,"featured_media":0,"parent":10,"menu_order":0,"comment_status":"closed","ping_status":"closed","template":"","meta":[],"yoast_head":"<!-- This site is optimized with the Yoast SEO plugin v17.5 - https:\/\/yoast.com\/wordpress\/plugins\/seo\/ -->\r\n<title>Y\u00fcz\u00fckler - Nur Kuyumculuk Eski\u015fehir<\/title>\r\n<meta name=\"robots\" content=\"index, follow, max-snippet:-1, max-image-preview:large, max-video-preview:-1\" \/>\r\n<link rel=\"canonical\" href=\"https:\/\/nurkuyumcu.com\/index.php\/urunler\/yuzukler\/\" \/>\r\n<meta property=\"og:locale\" content=\"tr_TR\" \/>\r\n<meta property=\"og:type\" content=\"article\" \/>\r\n<meta property=\"og:title\" content=\"Y\u00fcz\u00fckler - Nur Kuyumculuk Eski\u015fehir\" \/>\r\n<meta property=\"og:description\" content=\"[vc_row][vc_column][vc_text_separator title=&#8221;Alyans&#8221;][vc_gallery type=&#8221;image_grid&#8221; images=&#8221;1817,1818,1819,1820,1821,1823,1822,1816,2005,2006,2007,2008,2009,2010,2011,2012,2013,2014,2015,2016,2017,2018,2195,2196,2197,2198,2199,2200,2201,2202,2203,2204,2205,2206,2207,2208,2209,2210,2211,2212,2213,2366,2367,2368,2369,2370,2371,2372,2373,2374,2375,2376,2377,2378,2379,2380,2381,2382,2383,2384,2385,2386,2387,2388,2389,2390,2391,2392,2393,2394,2395&#8243; img_size=&#8221;medium&#8221;][\/vc_column][\/vc_row][vc_row][vc_column][\/vc_column][\/vc_row]\" \/>\r\n<meta property=\"og:url\" content=\"https:\/\/nurkuyumcu.com\/index.php\/urunler\/yuzukler\/\" \/>\r\n<meta property=\"og:site_name\" content=\"Nur Kuyumculuk Eski\u015fehir\" \/>\r\n<meta property=\"article:modified_time\" content=\"2021-01-28T06:32:01+00:00\" \/>\r\n<meta name=\"twitter:card\" content=\"summary_large_image\" \/>\r\n<script type=\"application\/ld+json\" class=\"yoast-schema-graph\">{\"@context\":\"https:\/\/schema.org\",\"@graph\":[{\"@type\":\"WebSite\",\"@id\":\"https:\/\/nurkuyumcu.com\/#website\",\"url\":\"https:\/\/nurkuyumcu.com\/\",\"name\":\"Nur Kuyumculuk Eski\\u015fehir\",\"description\":\"\",\"potentialAction\":[{\"@type\":\"SearchAction\",\"target\":{\"@type\":\"EntryPoint\",\"urlTemplate\":\"https:\/\/nurkuyumcu.com\/?s={search_term_string}\"},\"query-input\":\"required name=search_term_string\"}],\"inLanguage\":\"tr\"},{\"@type\":\"WebPage\",\"@id\":\"https:\/\/nurkuyumcu.com\/index.php\/urunler\/yuzukler\/#webpage\",\"url\":\"https:\/\/nurkuyumcu.com\/index.php\/urunler\/yuzukler\/\",\"name\":\"Y\\u00fcz\\u00fckler - Nur Kuyumculuk Eski\\u015fehir\",\"isPartOf\":{\"@id\":\"https:\/\/nurkuyumcu.com\/#website\"},\"datePublished\":\"2017-10-02T02:45:37+00:00\",\"dateModified\":\"2021-01-28T06:32:01+00:00\",\"breadcrumb\":{\"@id\":\"https:\/\/nurkuyumcu.com\/index.php\/urunler\/yuzukler\/#breadcrumb\"},\"inLanguage\":\"tr\",\"potentialAction\":[{\"@type\":\"ReadAction\",\"target\":[\"https:\/\/nurkuyumcu.com\/index.php\/urunler\/yuzukler\/\"]}]},{\"@type\":\"BreadcrumbList\",\"@id\":\"https:\/\/nurkuyumcu.com\/index.php\/urunler\/yuzukler\/#breadcrumb\",\"itemListElement\":[{\"@type\":\"ListItem\",\"position\":1,\"name\":\"Ana sayfa\",\"item\":\"https:\/\/nurkuyumcu.com\/\"},{\"@type\":\"ListItem\",\"position\":2,\"name\":\"\\u00dcr\\u00fcnler\",\"item\":\"https:\/\/nurkuyumcu.com\/index.php\/urunler\/\"},{\"@type\":\"ListItem\",\"position\":3,\"name\":\"Y\\u00fcz\\u00fckler\"}]}]}<\/script>\r\n<!-- \/ Yoast SEO plugin. -->","yoast_head_json":{"title":"Y\u00fcz\u00fckler - Nur Kuyumculuk Eski\u015fehir","robots":{"index":"index","follow":"follow","max-snippet":"max-snippet:-1","max-image-preview":"max-image-preview:large","max-video-preview":"max-video-preview:-1"},"canonical":"https:\/\/nurkuyumcu.com\/index.php\/urunler\/yuzukler\/","og_locale":"tr_TR","og_type":"article","og_title":"Y\u00fcz\u00fckler - Nur Kuyumculuk Eski\u015fehir","og_description":"[vc_row][vc_column][vc_text_separator title=&#8221;Alyans&#8221;][vc_gallery type=&#8221;image_grid&#8221; images=&#8221;1817,1818,1819,1820,1821,1823,1822,1816,2005,2006,2007,2008,2009,2010,2011,2012,2013,2014,2015,2016,2017,2018,2195,2196,2197,2198,2199,2200,2201,2202,2203,2204,2205,2206,2207,2208,2209,2210,2211,2212,2213,2366,2367,2368,2369,2370,2371,2372,2373,2374,2375,2376,2377,2378,2379,2380,2381,2382,2383,2384,2385,2386,2387,2388,2389,2390,2391,2392,2393,2394,2395&#8243; img_size=&#8221;medium&#8221;][\/vc_column][\/vc_row][vc_row][vc_column][\/vc_column][\/vc_row]","og_url":"https:\/\/nurkuyumcu.com\/index.php\/urunler\/yuzukler\/","og_site_name":"Nur Kuyumculuk Eski\u015fehir","article_modified_time":"2021-01-28T06:32:01+00:00","twitter_card":"summary_large_image","schema":{"@context":"https:\/\/schema.org","@graph":[{"@type":"WebSite","@id":"https:\/\/nurkuyumcu.com\/#website","url":"https:\/\/nurkuyumcu.com\/","name":"Nur Kuyumculuk Eski\u015fehir","description":"","potentialAction":[{"@type":"SearchAction","target":{"@type":"EntryPoint","urlTemplate":"https:\/\/nurkuyumcu.com\/?s={search_term_string}"},"query-input":"required name=search_term_string"}],"inLanguage":"tr"},{"@type":"WebPage","@id":"https:\/\/nurkuyumcu.com\/index.php\/urunler\/yuzukler\/#webpage","url":"https:\/\/nurkuyumcu.com\/index.php\/urunler\/yuzukler\/","name":"Y\u00fcz\u00fckler - Nur Kuyumculuk Eski\u015fehir","isPartOf":{"@id":"https:\/\/nurkuyumcu.com\/#website"},"datePublished":"2017-10-02T02:45:37+00:00","dateModified":"2021-01-28T06:32:01+00:00","breadcrumb":{"@id":"https:\/\/nurkuyumcu.com\/index.php\/urunler\/yuzukler\/#breadcrumb"},"inLanguage":"tr","potentialAction":[{"@type":"ReadAction","target":["https:\/\/nurkuyumcu.com\/index.php\/urunler\/yuzukler\/"]}]},{"@type":"BreadcrumbList","@id":"https:\/\/nurkuyumcu.com\/index.php\/urunler\/yuzukler\/#breadcrumb","itemListElement":[{"@type":"ListItem","position":1,"name":"Ana sayfa","item":"https:\/\/nurkuyumcu.com\/"},{"@type":"ListItem","position":2,"name":"\u00dcr\u00fcnler","item":"https:\/\/nurkuyumcu.com\/index.php\/urunler\/"},{"@type":"ListItem","position":3,"name":"Y\u00fcz\u00fckler"}]}]}},"_links":{"self":[{"href":"https:\/\/nurkuyumcu.com\/index.php\/wp-json\/wp\/v2\/pages\/245"}],"collection":[{"href":"https:\/\/nurkuyumcu.com\/index.php\/wp-json\/wp\/v2\/pages"}],"about":[{"href":"https:\/\/nurkuyumcu.com\/index.php\/wp-json\/wp\/v2\/types\/page"}],"author":[{"embeddable":true,"href":"https:\/\/nurkuyumcu.com\/index.php\/wp-json\/wp\/v2\/users\/1"}],"replies":[{"embeddable":true,"href":"https:\/\/nurkuyumcu.com\/index.php\/wp-json\/wp\/v2\/comments?post=245"}],"version-history":[{"count":6,"href":"https:\/\/nurkuyumcu.com\/index.php\/wp-json\/wp\/v2\/pages\/245\/revisions"}],"predecessor-version":[{"id":2396,"href":"https:\/\/nurkuyumcu.com\/index.php\/wp-json\/wp\/v2\/pages\/245\/revisions\/2396"}],"up":[{"embeddable":true,"href":"https:\/\/nurkuyumcu.com\/index.php\/wp-json\/wp\/v2\/pages\/10"}],"wp:attachment":[{"href":"https:\/\/nurkuyumcu.com\/index.php\/wp-json\/wp\/v2\/media?parent=245"}],"curies":[{"name":"wp","href":"https:\/\/api.w.org\/{rel}","templated":true}]}}